{"id":2830,"date":"2021-12-05T12:51:15","date_gmt":"2021-12-05T12:51:15","guid":{"rendered":"https:\/\/medicate.peacefulqode.com\/?page_id=2830"},"modified":"2025-11-29T06:12:47","modified_gmt":"2025-11-29T06:12:47","slug":"pricing-plan","status":"publish","type":"page","link":"https:\/\/www.sepsimedikal.ro\/ro\/pricing-plan\/","title":{"rendered":"Pre\u021burile noastre"},"content":{"rendered":"<div data-elementor-type=\"wp-page\" data-elementor-id=\"2830\" class=\"elementor elementor-2830\">\n\t\t\t\t<div class=\"elementor-element elementor-element-59dbb52 e-flex e-con-boxed e-con e-parent\" data-id=\"59dbb52\" data-element_type=\"container\">\n\t\t\t\t\t<div class=\"e-con-inner\">\n\t\t\t\t<div class=\"elementor-element elementor-element-bf5646a elementor-widget elementor-widget-html\" data-id=\"bf5646a\" data-element_type=\"widget\" data-widget_type=\"html.default\">\n\t\t\t\t<div class=\"elementor-widget-container\">\n\t\t\t\t\t<style>\n.price-table {\n  margin: auto;\n  border-collapse: collapse;\n  font-family: sans-serif;\n  font-size: 18px;\n}\n.price-table tr {\n  border-bottom: 1px solid #ccc;\n}\n.price-table td {\n  padding: 10px 5px;\n  color: var(--dark-color);\n  text-align: left;\n}\n.price-table .desc {\n  color: #666;\n  font-size: 14px;\n}\n.price-table td:last-child {\n  text-align: center;\n  font-weight: bold;\n}\n<\/style>\n\n<table class=\"price-table\">\n  <tr><td>Examinare medicin\u0103  intern\u0103, evaluare individual\u0103<\/td><td>150 RON<\/td><\/tr>\n  <tr><td>Ecografie abdominal\u0103 + examinare<\/td><td>250 RON<\/td><\/tr>\n  <tr><td>Ecografie mamar\u0103<\/td><td>250 RON<\/td><\/tr>\n  <tr><td>EKG<\/td><td>50 RON<\/td><\/tr>\n  <tr><td>Spirometrie<\/td><td>50 RON<\/td><\/tr>\n  <tr><td>Indice glezn\u0103-bra\u021b (diagnosticarea stenozei arteriale)<\/td><td>100 RON<\/td><\/tr>\n  <tr><td>Monitorizare tensiune arterial\u0103 24 ore<\/td><td>100 RON<\/td><\/tr>\n  <tr><td>Perfuzie, tratamente intravenoase<br><span class=\"desc\">(nu include costul medicamentelor)<\/span><\/td><td>50 RON<\/td><\/tr>\n  <tr><td>Injec\u021bie intramuscular\u0103<br><span class=\"desc\">(nu include costul medicamentelor)<\/span><\/td><td>30 RON<\/td><\/tr>\n  <tr><td>Pansament, \u00eendep\u0103rtarea suturilor<\/td><td>50 RON<\/td><\/tr>\n  <tr><td>Examinarea unui pacient cu mobilitate redus\u0103 la domiciliu<\/td><td>300 RON<\/td><\/tr>\n  <tr><td>Certificat medical<\/td><td>30 RON<\/td><\/tr>\n  <tr><td>Certificat medical pentru c\u0103s\u0103torie<\/td><td>50 RON<\/td><\/tr>\n  <tr><td>Certificat de deces<\/td><td>50 RON<\/td><\/tr>\n<\/table>\n\t\t\t\t<\/div>\n\t\t\t\t<\/div>\n\t\t\t\t\t<\/div>\n\t\t\t\t<\/div>\n\t\t\t\t<\/div>","protected":false},"excerpt":{"rendered":"<p>Belgy\u00f3gy\u00e1szati vizsg\u00e1lat, egy\u00e9ni \u00e1llapotfelm\u00e9r\u00e9s 150 RON Hasi ultrahang + belgy\u00f3gy\u00e1szati vizsg\u00e1lat 250 RON Mell ultrahang vizsg\u00e1lat 250 RON EKG 50 RON Spirometria 50 RON Boka-kar index (\u00c9rsz\u0171k\u00fclet diagnosztiz\u00e1l\u00e1s) 100 RON 24 \u00f3r\u00e1s v\u00e9rnyom\u00e1s monitoriz\u00e1l\u00e1s 100 RON Perf\u00fazi\u00f3s, intrav\u00e9n\u00e1s kezel\u00e9sek(nem tartalmazza a gy\u00f3gyszerek \u00e1r\u00e1t) 50 RON Intramuszkul\u00e1ris injekci\u00f3(nem tartalmazza a gy\u00f3gyszer \u00e1r\u00e1t) 30 RON Sebk\u00f6t\u00f6z\u00e9s, varratszed\u00e9s [&hellip;]<\/p>","protected":false},"author":1,"featured_media":0,"parent":0,"menu_order":0,"comment_status":"closed","ping_status":"closed","template":"","meta":{"_acf_changed":false,"footnotes":""},"class_list":["post-2830","page","type-page","status-publish","hentry"],"acf":[],"yoast_head":"<!-- This site is optimized with the Yoast SEO plugin v26.4 - https:\/\/yoast.com\/wordpress\/plugins\/seo\/ -->\n<title>\u00c1raink - Sepsimedikal<\/title>\n<meta name=\"robots\" content=\"index, follow, max-snippet:-1, max-image-preview:large, max-video-preview:-1\" \/>\n<link rel=\"canonical\" href=\"https:\/\/www.sepsimedikal.ro\/ro\/pricing-plan\/\" \/>\n<meta property=\"og:locale\" content=\"ro_RO\" \/>\n<meta property=\"og:type\" content=\"article\" \/>\n<meta property=\"og:title\" content=\"\u00c1raink - Sepsimedikal\" \/>\n<meta property=\"og:description\" content=\"Belgy\u00f3gy\u00e1szati vizsg\u00e1lat, egy\u00e9ni \u00e1llapotfelm\u00e9r\u00e9s 150 RON Hasi ultrahang + belgy\u00f3gy\u00e1szati vizsg\u00e1lat 250 RON Mell ultrahang vizsg\u00e1lat 250 RON EKG 50 RON Spirometria 50 RON Boka-kar index (\u00c9rsz\u0171k\u00fclet diagnosztiz\u00e1l\u00e1s) 100 RON 24 \u00f3r\u00e1s v\u00e9rnyom\u00e1s monitoriz\u00e1l\u00e1s 100 RON Perf\u00fazi\u00f3s, intrav\u00e9n\u00e1s kezel\u00e9sek(nem tartalmazza a gy\u00f3gyszerek \u00e1r\u00e1t) 50 RON Intramuszkul\u00e1ris injekci\u00f3(nem tartalmazza a gy\u00f3gyszer \u00e1r\u00e1t) 30 RON Sebk\u00f6t\u00f6z\u00e9s, varratszed\u00e9s [&hellip;]\" \/>\n<meta property=\"og:url\" content=\"https:\/\/www.sepsimedikal.ro\/ro\/pricing-plan\/\" \/>\n<meta property=\"og:site_name\" content=\"Sepsimedikal\" \/>\n<meta property=\"article:publisher\" content=\"https:\/\/www.facebook.com\/profile.php?id=61569994872648\" \/>\n<meta property=\"article:modified_time\" content=\"2025-11-29T06:12:47+00:00\" \/>\n<meta name=\"twitter:card\" content=\"summary_large_image\" \/>\n<meta name=\"twitter:label1\" content=\"Timp estimat pentru citire\" \/>\n\t<meta name=\"twitter:data1\" content=\"1 minut\" \/>\n<script type=\"application\/ld+json\" class=\"yoast-schema-graph\">{\"@context\":\"https:\/\/schema.org\",\"@graph\":[{\"@type\":\"WebPage\",\"@id\":\"https:\/\/www.sepsimedikal.ro\/pricing-plan\/\",\"url\":\"https:\/\/www.sepsimedikal.ro\/pricing-plan\/\",\"name\":\"\u00c1raink - Sepsimedikal\",\"isPartOf\":{\"@id\":\"https:\/\/www.sepsimedikal.ro\/#website\"},\"datePublished\":\"2021-12-05T12:51:15+00:00\",\"dateModified\":\"2025-11-29T06:12:47+00:00\",\"breadcrumb\":{\"@id\":\"https:\/\/www.sepsimedikal.ro\/pricing-plan\/#breadcrumb\"},\"inLanguage\":\"ro-RO\",\"potentialAction\":[{\"@type\":\"ReadAction\",\"target\":[\"https:\/\/www.sepsimedikal.ro\/pricing-plan\/\"]}]},{\"@type\":\"BreadcrumbList\",\"@id\":\"https:\/\/www.sepsimedikal.ro\/pricing-plan\/#breadcrumb\",\"itemListElement\":[{\"@type\":\"ListItem\",\"position\":1,\"name\":\"Kezd\u0151lap\",\"item\":\"https:\/\/www.sepsimedikal.ro\/\"},{\"@type\":\"ListItem\",\"position\":2,\"name\":\"\u00c1raink\"}]},{\"@type\":\"WebSite\",\"@id\":\"https:\/\/www.sepsimedikal.ro\/#website\",\"url\":\"https:\/\/www.sepsimedikal.ro\/\",\"name\":\"Sepsimedikal\",\"description\":\"\",\"publisher\":{\"@id\":\"https:\/\/www.sepsimedikal.ro\/#organization\"},\"potentialAction\":[{\"@type\":\"SearchAction\",\"target\":{\"@type\":\"EntryPoint\",\"urlTemplate\":\"https:\/\/www.sepsimedikal.ro\/?s={search_term_string}\"},\"query-input\":{\"@type\":\"PropertyValueSpecification\",\"valueRequired\":true,\"valueName\":\"search_term_string\"}}],\"inLanguage\":\"ro-RO\"},{\"@type\":\"Organization\",\"@id\":\"https:\/\/www.sepsimedikal.ro\/#organization\",\"name\":\"Sepsimedikal\",\"url\":\"https:\/\/www.sepsimedikal.ro\/\",\"logo\":{\"@type\":\"ImageObject\",\"inLanguage\":\"ro-RO\",\"@id\":\"https:\/\/www.sepsimedikal.ro\/#\/schema\/logo\/image\/\",\"url\":\"https:\/\/www.sepsimedikal.ro\/wp-content\/uploads\/2025\/01\/Bronz-green-color-horizontal-logo.png\",\"contentUrl\":\"https:\/\/www.sepsimedikal.ro\/wp-content\/uploads\/2025\/01\/Bronz-green-color-horizontal-logo.png\",\"width\":1463,\"height\":298,\"caption\":\"Sepsimedikal\"},\"image\":{\"@id\":\"https:\/\/www.sepsimedikal.ro\/#\/schema\/logo\/image\/\"},\"sameAs\":[\"https:\/\/www.facebook.com\/profile.php?id=61569994872648\",\"https:\/\/www.instagram.com\/sepsimedikal?utm_source=qr&igsh=YWMwNjh0d2twZnM4\"]}]}<\/script>\n<!-- \/ Yoast SEO plugin. -->","yoast_head_json":{"title":"\u00c1raink - Sepsimedikal","robots":{"index":"index","follow":"follow","max-snippet":"max-snippet:-1","max-image-preview":"max-image-preview:large","max-video-preview":"max-video-preview:-1"},"canonical":"https:\/\/www.sepsimedikal.ro\/ro\/pricing-plan\/","og_locale":"ro_RO","og_type":"article","og_title":"\u00c1raink - Sepsimedikal","og_description":"Belgy\u00f3gy\u00e1szati vizsg\u00e1lat, egy\u00e9ni \u00e1llapotfelm\u00e9r\u00e9s 150 RON Hasi ultrahang + belgy\u00f3gy\u00e1szati vizsg\u00e1lat 250 RON Mell ultrahang vizsg\u00e1lat 250 RON EKG 50 RON Spirometria 50 RON Boka-kar index (\u00c9rsz\u0171k\u00fclet diagnosztiz\u00e1l\u00e1s) 100 RON 24 \u00f3r\u00e1s v\u00e9rnyom\u00e1s monitoriz\u00e1l\u00e1s 100 RON Perf\u00fazi\u00f3s, intrav\u00e9n\u00e1s kezel\u00e9sek(nem tartalmazza a gy\u00f3gyszerek \u00e1r\u00e1t) 50 RON Intramuszkul\u00e1ris injekci\u00f3(nem tartalmazza a gy\u00f3gyszer \u00e1r\u00e1t) 30 RON Sebk\u00f6t\u00f6z\u00e9s, varratszed\u00e9s [&hellip;]","og_url":"https:\/\/www.sepsimedikal.ro\/ro\/pricing-plan\/","og_site_name":"Sepsimedikal","article_publisher":"https:\/\/www.facebook.com\/profile.php?id=61569994872648","article_modified_time":"2025-11-29T06:12:47+00:00","twitter_card":"summary_large_image","twitter_misc":{"Timp estimat pentru citire":"1 minut"},"schema":{"@context":"https:\/\/schema.org","@graph":[{"@type":"WebPage","@id":"https:\/\/www.sepsimedikal.ro\/pricing-plan\/","url":"https:\/\/www.sepsimedikal.ro\/pricing-plan\/","name":"\u00c1raink - Sepsimedikal","isPartOf":{"@id":"https:\/\/www.sepsimedikal.ro\/#website"},"datePublished":"2021-12-05T12:51:15+00:00","dateModified":"2025-11-29T06:12:47+00:00","breadcrumb":{"@id":"https:\/\/www.sepsimedikal.ro\/pricing-plan\/#breadcrumb"},"inLanguage":"ro-RO","potentialAction":[{"@type":"ReadAction","target":["https:\/\/www.sepsimedikal.ro\/pricing-plan\/"]}]},{"@type":"BreadcrumbList","@id":"https:\/\/www.sepsimedikal.ro\/pricing-plan\/#breadcrumb","itemListElement":[{"@type":"ListItem","position":1,"name":"Kezd\u0151lap","item":"https:\/\/www.sepsimedikal.ro\/"},{"@type":"ListItem","position":2,"name":"\u00c1raink"}]},{"@type":"WebSite","@id":"https:\/\/www.sepsimedikal.ro\/#website","url":"https:\/\/www.sepsimedikal.ro\/","name":"Sepsimedikal","description":"","publisher":{"@id":"https:\/\/www.sepsimedikal.ro\/#organization"},"potentialAction":[{"@type":"SearchAction","target":{"@type":"EntryPoint","urlTemplate":"https:\/\/www.sepsimedikal.ro\/?s={search_term_string}"},"query-input":{"@type":"PropertyValueSpecification","valueRequired":true,"valueName":"search_term_string"}}],"inLanguage":"ro-RO"},{"@type":"Organization","@id":"https:\/\/www.sepsimedikal.ro\/#organization","name":"Sepsimedikal","url":"https:\/\/www.sepsimedikal.ro\/","logo":{"@type":"ImageObject","inLanguage":"ro-RO","@id":"https:\/\/www.sepsimedikal.ro\/#\/schema\/logo\/image\/","url":"https:\/\/www.sepsimedikal.ro\/wp-content\/uploads\/2025\/01\/Bronz-green-color-horizontal-logo.png","contentUrl":"https:\/\/www.sepsimedikal.ro\/wp-content\/uploads\/2025\/01\/Bronz-green-color-horizontal-logo.png","width":1463,"height":298,"caption":"Sepsimedikal"},"image":{"@id":"https:\/\/www.sepsimedikal.ro\/#\/schema\/logo\/image\/"},"sameAs":["https:\/\/www.facebook.com\/profile.php?id=61569994872648","https:\/\/www.instagram.com\/sepsimedikal?utm_source=qr&igsh=YWMwNjh0d2twZnM4"]}]}},"_links":{"self":[{"href":"https:\/\/www.sepsimedikal.ro\/ro\/wp-json\/wp\/v2\/pages\/2830","targetHints":{"allow":["GET"]}}],"collection":[{"href":"https:\/\/www.sepsimedikal.ro\/ro\/wp-json\/wp\/v2\/pages"}],"about":[{"href":"https:\/\/www.sepsimedikal.ro\/ro\/wp-json\/wp\/v2\/types\/page"}],"author":[{"embeddable":true,"href":"https:\/\/www.sepsimedikal.ro\/ro\/wp-json\/wp\/v2\/users\/1"}],"replies":[{"embeddable":true,"href":"https:\/\/www.sepsimedikal.ro\/ro\/wp-json\/wp\/v2\/comments?post=2830"}],"version-history":[{"count":29,"href":"https:\/\/www.sepsimedikal.ro\/ro\/wp-json\/wp\/v2\/pages\/2830\/revisions"}],"predecessor-version":[{"id":18103,"href":"https:\/\/www.sepsimedikal.ro\/ro\/wp-json\/wp\/v2\/pages\/2830\/revisions\/18103"}],"wp:attachment":[{"href":"https:\/\/www.sepsimedikal.ro\/ro\/wp-json\/wp\/v2\/media?parent=2830"}],"curies":[{"name":"wp","href":"https:\/\/api.w.org\/{rel}","templated":true}]}}