{"id":2808,"date":"2021-12-05T12:41:05","date_gmt":"2021-12-05T12:41:05","guid":{"rendered":"https:\/\/medicate.peacefulqode.com\/?page_id=2808"},"modified":"2025-12-12T19:27:40","modified_gmt":"2025-12-12T19:27:40","slug":"our-team","status":"publish","type":"page","link":"https:\/\/www.sepsimedikal.ro\/ro\/our-team\/","title":{"rendered":"Echipa noastr\u0103"},"content":{"rendered":"<div data-elementor-type=\"wp-page\" data-elementor-id=\"2808\" class=\"elementor elementor-2808\">\n\t\t\t\t<div class=\"elementor-element elementor-element-d6b8d81 e-flex e-con-boxed e-con e-parent\" data-id=\"d6b8d81\" data-element_type=\"container\">\n\t\t\t\t\t<div class=\"e-con-inner\">\n\t\t<div class=\"elementor-element elementor-element-d81037f e-con-full e-flex e-con e-child\" data-id=\"d81037f\" data-element_type=\"container\">\n\t\t\t\t<div class=\"elementor-element elementor-element-747a171 elementor-widget__width-auto elementor-widget elementor-widget-heading\" data-id=\"747a171\" data-element_type=\"widget\" data-widget_type=\"heading.default\">\n\t\t\t\t<div class=\"elementor-widget-container\">\n\t\t\t\t\t<h2 class=\"elementor-heading-title elementor-size-default\">Sepsi Medikal<\/h2>\t\t\t\t<\/div>\n\t\t\t\t<\/div>\n\t\t\t\t<div class=\"elementor-element elementor-element-eadd4c8 elementor-widget elementor-widget-heading\" data-id=\"eadd4c8\" data-element_type=\"widget\" data-widget_type=\"heading.default\">\n\t\t\t\t<div class=\"elementor-widget-container\">\n\t\t\t\t\t<h2 class=\"elementor-heading-title elementor-size-default\">Echipa noastr\u0103<\/h2>\t\t\t\t<\/div>\n\t\t\t\t<\/div>\n\t\t\t\t<\/div>\n\t\t\t\t\t<\/div>\n\t\t\t\t<\/div>\n\t\t<div class=\"elementor-element elementor-element-3671122 e-flex e-con-boxed e-con e-parent\" data-id=\"3671122\" data-element_type=\"container\">\n\t\t\t\t\t<div class=\"e-con-inner\">\n\t\t<div class=\"elementor-element elementor-element-3b5d71a e-con-full e-flex e-con e-child\" data-id=\"3b5d71a\" data-element_type=\"container\">\n\t\t\t\t<div class=\"elementor-element elementor-element-636bb82 elementor-widget elementor-widget-image\" data-id=\"636bb82\" data-element_type=\"widget\" data-widget_type=\"image.default\">\n\t\t\t\t<div class=\"elementor-widget-container\">\n\t\t\t\t\t\t\t\t\t\t\t\t\t\t\t<img fetchpriority=\"high\" decoding=\"async\" width=\"525\" height=\"787\" src=\"https:\/\/www.sepsimedikal.ro\/wp-content\/uploads\/2025\/06\/R_BWD9104-a-melinda.jpg\" class=\"attachment-large size-large wp-image-17604\" alt=\"Sepsi Medikal\" \/>\t\t\t\t\t\t\t\t\t\t\t\t\t\t\t<\/div>\n\t\t\t\t<\/div>\n\t\t<div class=\"elementor-element elementor-element-c96db9c e-con-full shadow e-transform e-flex e-con e-child\" data-id=\"c96db9c\" data-element_type=\"container\" data-settings=\"{&quot;background_background&quot;:&quot;classic&quot;,&quot;_transform_translateX_effect_hover&quot;:{&quot;unit&quot;:&quot;px&quot;,&quot;size&quot;:0,&quot;sizes&quot;:[]},&quot;_transform_translateY_effect_hover&quot;:{&quot;unit&quot;:&quot;px&quot;,&quot;size&quot;:-20,&quot;sizes&quot;:[]},&quot;_transform_translateX_effect_hover_tablet&quot;:{&quot;unit&quot;:&quot;px&quot;,&quot;size&quot;:&quot;&quot;,&quot;sizes&quot;:[]},&quot;_transform_translateX_effect_hover_mobile&quot;:{&quot;unit&quot;:&quot;px&quot;,&quot;size&quot;:&quot;&quot;,&quot;sizes&quot;:[]},&quot;_transform_translateY_effect_hover_tablet&quot;:{&quot;unit&quot;:&quot;px&quot;,&quot;size&quot;:&quot;&quot;,&quot;sizes&quot;:[]},&quot;_transform_translateY_effect_hover_mobile&quot;:{&quot;unit&quot;:&quot;px&quot;,&quot;size&quot;:&quot;&quot;,&quot;sizes&quot;:[]}}\">\n\t\t\t\t<div class=\"elementor-element elementor-element-46261b0 elementor-widget elementor-widget-heading\" data-id=\"46261b0\" data-element_type=\"widget\" data-widget_type=\"heading.default\">\n\t\t\t\t<div class=\"elementor-widget-container\">\n\t\t\t\t\t<h2 class=\"elementor-heading-title elementor-size-default\">Albu Melinda<\/h2>\t\t\t\t<\/div>\n\t\t\t\t<\/div>\n\t\t\t\t<div class=\"elementor-element elementor-element-f024bc3 elementor-widget elementor-widget-heading\" data-id=\"f024bc3\" data-element_type=\"widget\" data-widget_type=\"heading.default\">\n\t\t\t\t<div class=\"elementor-widget-container\">\n\t\t\t\t\t<h2 class=\"elementor-heading-title elementor-size-default\">Asistent medical<\/h2>\t\t\t\t<\/div>\n\t\t\t\t<\/div>\n\t\t\t\t<\/div>\n\t\t\t\t<\/div>\n\t\t<div class=\"elementor-element elementor-element-1931438 e-con-full e-flex e-con e-child\" data-id=\"1931438\" data-element_type=\"container\">\n\t\t\t\t<div class=\"elementor-element elementor-element-874c27b elementor-widget elementor-widget-image\" data-id=\"874c27b\" data-element_type=\"widget\" data-widget_type=\"image.default\">\n\t\t\t\t<div class=\"elementor-widget-container\">\n\t\t\t\t\t\t\t\t\t\t\t\t\t\t\t<img decoding=\"async\" width=\"525\" height=\"787\" src=\"https:\/\/www.sepsimedikal.ro\/wp-content\/uploads\/2025\/06\/R_BWD9184.jpg\" class=\"attachment-large size-large wp-image-17608\" alt=\"dr Bajcsi Eniko\" \/>\t\t\t\t\t\t\t\t\t\t\t\t\t\t\t<\/div>\n\t\t\t\t<\/div>\n\t\t<div class=\"elementor-element elementor-element-a6e2607 e-con-full shadow e-transform e-flex e-con e-child\" data-id=\"a6e2607\" data-element_type=\"container\" data-settings=\"{&quot;background_background&quot;:&quot;classic&quot;,&quot;_transform_translateX_effect_hover&quot;:{&quot;unit&quot;:&quot;px&quot;,&quot;size&quot;:0,&quot;sizes&quot;:[]},&quot;_transform_translateY_effect_hover&quot;:{&quot;unit&quot;:&quot;px&quot;,&quot;size&quot;:-20,&quot;sizes&quot;:[]},&quot;_transform_translateX_effect_hover_tablet&quot;:{&quot;unit&quot;:&quot;px&quot;,&quot;size&quot;:&quot;&quot;,&quot;sizes&quot;:[]},&quot;_transform_translateX_effect_hover_mobile&quot;:{&quot;unit&quot;:&quot;px&quot;,&quot;size&quot;:&quot;&quot;,&quot;sizes&quot;:[]},&quot;_transform_translateY_effect_hover_tablet&quot;:{&quot;unit&quot;:&quot;px&quot;,&quot;size&quot;:&quot;&quot;,&quot;sizes&quot;:[]},&quot;_transform_translateY_effect_hover_mobile&quot;:{&quot;unit&quot;:&quot;px&quot;,&quot;size&quot;:&quot;&quot;,&quot;sizes&quot;:[]}}\">\n\t\t\t\t<div class=\"elementor-element elementor-element-9f67857 elementor-widget elementor-widget-heading\" data-id=\"9f67857\" data-element_type=\"widget\" data-widget_type=\"heading.default\">\n\t\t\t\t<div class=\"elementor-widget-container\">\n\t\t\t\t\t<h2 class=\"elementor-heading-title elementor-size-default\">dr. Bajcsi Enik\u0151<\/h2>\t\t\t\t<\/div>\n\t\t\t\t<\/div>\n\t\t\t\t<div class=\"elementor-element elementor-element-20b8aa3 elementor-widget elementor-widget-heading\" data-id=\"20b8aa3\" data-element_type=\"widget\" data-widget_type=\"heading.default\">\n\t\t\t\t<div class=\"elementor-widget-container\">\n\t\t\t\t\t<h2 class=\"elementor-heading-title elementor-size-default\">Medic \u0219ef de medicin\u0103 intern\u0103, medic de familie<\/h2>\t\t\t\t<\/div>\n\t\t\t\t<\/div>\n\t\t\t\t<\/div>\n\t\t\t\t<\/div>\n\t\t<div class=\"elementor-element elementor-element-af62c2a e-con-full e-flex e-con e-child\" data-id=\"af62c2a\" data-element_type=\"container\">\n\t\t\t\t<div class=\"elementor-element elementor-element-a9e5592 elementor-widget elementor-widget-image\" data-id=\"a9e5592\" data-element_type=\"widget\" data-widget_type=\"image.default\">\n\t\t\t\t<div class=\"elementor-widget-container\">\n\t\t\t\t\t\t\t\t\t\t\t\t\t\t\t<img decoding=\"async\" width=\"525\" height=\"787\" src=\"https:\/\/www.sepsimedikal.ro\/wp-content\/uploads\/2025\/06\/R_BWD9083-v-timea.jpg\" class=\"attachment-large size-large wp-image-17606\" alt=\"Sepsi Medikal\" \/>\t\t\t\t\t\t\t\t\t\t\t\t\t\t\t<\/div>\n\t\t\t\t<\/div>\n\t\t<div class=\"elementor-element elementor-element-b53c436 e-con-full shadow e-transform e-flex e-con e-child\" data-id=\"b53c436\" data-element_type=\"container\" data-settings=\"{&quot;background_background&quot;:&quot;classic&quot;,&quot;_transform_translateX_effect_hover&quot;:{&quot;unit&quot;:&quot;px&quot;,&quot;size&quot;:0,&quot;sizes&quot;:[]},&quot;_transform_translateY_effect_hover&quot;:{&quot;unit&quot;:&quot;px&quot;,&quot;size&quot;:-20,&quot;sizes&quot;:[]},&quot;_transform_translateX_effect_hover_tablet&quot;:{&quot;unit&quot;:&quot;px&quot;,&quot;size&quot;:&quot;&quot;,&quot;sizes&quot;:[]},&quot;_transform_translateX_effect_hover_mobile&quot;:{&quot;unit&quot;:&quot;px&quot;,&quot;size&quot;:&quot;&quot;,&quot;sizes&quot;:[]},&quot;_transform_translateY_effect_hover_tablet&quot;:{&quot;unit&quot;:&quot;px&quot;,&quot;size&quot;:&quot;&quot;,&quot;sizes&quot;:[]},&quot;_transform_translateY_effect_hover_mobile&quot;:{&quot;unit&quot;:&quot;px&quot;,&quot;size&quot;:&quot;&quot;,&quot;sizes&quot;:[]}}\">\n\t\t\t\t<div class=\"elementor-element elementor-element-735d60d elementor-widget elementor-widget-heading\" data-id=\"735d60d\" data-element_type=\"widget\" data-widget_type=\"heading.default\">\n\t\t\t\t<div class=\"elementor-widget-container\">\n\t\t\t\t\t<h2 class=\"elementor-heading-title elementor-size-default\">Vard\u00f3 T\u00edmea<\/h2>\t\t\t\t<\/div>\n\t\t\t\t<\/div>\n\t\t\t\t<div class=\"elementor-element elementor-element-ad62a6d elementor-widget elementor-widget-heading\" data-id=\"ad62a6d\" data-element_type=\"widget\" data-widget_type=\"heading.default\">\n\t\t\t\t<div class=\"elementor-widget-container\">\n\t\t\t\t\t<h2 class=\"elementor-heading-title elementor-size-default\">Asistent medical<\/h2>\t\t\t\t<\/div>\n\t\t\t\t<\/div>\n\t\t\t\t<\/div>\n\t\t\t\t<\/div>\n\t\t\t\t\t<\/div>\n\t\t\t\t<\/div>\n\t\t\t\t<\/div>","protected":false},"excerpt":{"rendered":"<p>Sepsi Medikal Csapatunk Albu Melinda Orvosi Asszisztens dr. Bajcsi Enik\u0151 Belgy\u00f3gy\u00e1sz f\u0151orvos, Csal\u00e1dorvos Vard\u00f3 T\u00edmea Orvosi Asszisztens<\/p>","protected":false},"author":1,"featured_media":0,"parent":0,"menu_order":0,"comment_status":"closed","ping_status":"closed","template":"","meta":{"_acf_changed":false,"footnotes":""},"class_list":["post-2808","page","type-page","status-publish","hentry"],"acf":[],"yoast_head":"<!-- This site is optimized with the Yoast SEO plugin v26.4 - https:\/\/yoast.com\/wordpress\/plugins\/seo\/ -->\n<title>Csapatunk - Sepsimedikal<\/title>\n<meta name=\"robots\" content=\"index, follow, max-snippet:-1, max-image-preview:large, max-video-preview:-1\" \/>\n<link rel=\"canonical\" href=\"https:\/\/www.sepsimedikal.ro\/ro\/our-team\/\" \/>\n<meta property=\"og:locale\" content=\"ro_RO\" \/>\n<meta property=\"og:type\" content=\"article\" \/>\n<meta property=\"og:title\" content=\"Csapatunk - Sepsimedikal\" \/>\n<meta property=\"og:description\" content=\"Sepsi Medikal Csapatunk Albu Melinda Orvosi Asszisztens dr. Bajcsi Enik\u0151 Belgy\u00f3gy\u00e1sz f\u0151orvos, Csal\u00e1dorvos Vard\u00f3 T\u00edmea Orvosi Asszisztens\" \/>\n<meta property=\"og:url\" content=\"https:\/\/www.sepsimedikal.ro\/ro\/our-team\/\" \/>\n<meta property=\"og:site_name\" content=\"Sepsimedikal\" \/>\n<meta property=\"article:publisher\" content=\"https:\/\/www.facebook.com\/profile.php?id=61569994872648\" \/>\n<meta property=\"article:modified_time\" content=\"2025-12-12T19:27:40+00:00\" \/>\n<meta property=\"og:image\" content=\"https:\/\/www.sepsimedikal.ro\/wp-content\/uploads\/2025\/06\/R_BWD9104-a-melinda.jpg\" \/>\n\t<meta property=\"og:image:width\" content=\"1282\" \/>\n\t<meta property=\"og:image:height\" content=\"1921\" \/>\n\t<meta property=\"og:image:type\" content=\"image\/jpeg\" \/>\n<meta name=\"twitter:card\" content=\"summary_large_image\" \/>\n<meta name=\"twitter:label1\" content=\"Timp estimat pentru citire\" \/>\n\t<meta name=\"twitter:data1\" content=\"1 minut\" \/>\n<script type=\"application\/ld+json\" class=\"yoast-schema-graph\">{\"@context\":\"https:\/\/schema.org\",\"@graph\":[{\"@type\":\"WebPage\",\"@id\":\"https:\/\/www.sepsimedikal.ro\/our-team\/\",\"url\":\"https:\/\/www.sepsimedikal.ro\/our-team\/\",\"name\":\"Csapatunk - Sepsimedikal\",\"isPartOf\":{\"@id\":\"https:\/\/www.sepsimedikal.ro\/#website\"},\"primaryImageOfPage\":{\"@id\":\"https:\/\/www.sepsimedikal.ro\/our-team\/#primaryimage\"},\"image\":{\"@id\":\"https:\/\/www.sepsimedikal.ro\/our-team\/#primaryimage\"},\"thumbnailUrl\":\"https:\/\/www.sepsimedikal.ro\/wp-content\/uploads\/2025\/06\/R_BWD9104-a-melinda.jpg\",\"datePublished\":\"2021-12-05T12:41:05+00:00\",\"dateModified\":\"2025-12-12T19:27:40+00:00\",\"breadcrumb\":{\"@id\":\"https:\/\/www.sepsimedikal.ro\/our-team\/#breadcrumb\"},\"inLanguage\":\"ro-RO\",\"potentialAction\":[{\"@type\":\"ReadAction\",\"target\":[\"https:\/\/www.sepsimedikal.ro\/our-team\/\"]}]},{\"@type\":\"ImageObject\",\"inLanguage\":\"ro-RO\",\"@id\":\"https:\/\/www.sepsimedikal.ro\/our-team\/#primaryimage\",\"url\":\"https:\/\/www.sepsimedikal.ro\/wp-content\/uploads\/2025\/06\/R_BWD9104-a-melinda.jpg\",\"contentUrl\":\"https:\/\/www.sepsimedikal.ro\/wp-content\/uploads\/2025\/06\/R_BWD9104-a-melinda.jpg\"},{\"@type\":\"BreadcrumbList\",\"@id\":\"https:\/\/www.sepsimedikal.ro\/our-team\/#breadcrumb\",\"itemListElement\":[{\"@type\":\"ListItem\",\"position\":1,\"name\":\"Kezd\u0151lap\",\"item\":\"https:\/\/www.sepsimedikal.ro\/\"},{\"@type\":\"ListItem\",\"position\":2,\"name\":\"Csapatunk\"}]},{\"@type\":\"WebSite\",\"@id\":\"https:\/\/www.sepsimedikal.ro\/#website\",\"url\":\"https:\/\/www.sepsimedikal.ro\/\",\"name\":\"Sepsimedikal\",\"description\":\"\",\"publisher\":{\"@id\":\"https:\/\/www.sepsimedikal.ro\/#organization\"},\"potentialAction\":[{\"@type\":\"SearchAction\",\"target\":{\"@type\":\"EntryPoint\",\"urlTemplate\":\"https:\/\/www.sepsimedikal.ro\/?s={search_term_string}\"},\"query-input\":{\"@type\":\"PropertyValueSpecification\",\"valueRequired\":true,\"valueName\":\"search_term_string\"}}],\"inLanguage\":\"ro-RO\"},{\"@type\":\"Organization\",\"@id\":\"https:\/\/www.sepsimedikal.ro\/#organization\",\"name\":\"Sepsimedikal\",\"url\":\"https:\/\/www.sepsimedikal.ro\/\",\"logo\":{\"@type\":\"ImageObject\",\"inLanguage\":\"ro-RO\",\"@id\":\"https:\/\/www.sepsimedikal.ro\/#\/schema\/logo\/image\/\",\"url\":\"https:\/\/www.sepsimedikal.ro\/wp-content\/uploads\/2025\/01\/Bronz-green-color-horizontal-logo.png\",\"contentUrl\":\"https:\/\/www.sepsimedikal.ro\/wp-content\/uploads\/2025\/01\/Bronz-green-color-horizontal-logo.png\",\"width\":1463,\"height\":298,\"caption\":\"Sepsimedikal\"},\"image\":{\"@id\":\"https:\/\/www.sepsimedikal.ro\/#\/schema\/logo\/image\/\"},\"sameAs\":[\"https:\/\/www.facebook.com\/profile.php?id=61569994872648\",\"https:\/\/www.instagram.com\/sepsimedikal?utm_source=qr&igsh=YWMwNjh0d2twZnM4\"]}]}<\/script>\n<!-- \/ Yoast SEO plugin. -->","yoast_head_json":{"title":"Csapatunk - Sepsimedikal","robots":{"index":"index","follow":"follow","max-snippet":"max-snippet:-1","max-image-preview":"max-image-preview:large","max-video-preview":"max-video-preview:-1"},"canonical":"https:\/\/www.sepsimedikal.ro\/ro\/our-team\/","og_locale":"ro_RO","og_type":"article","og_title":"Csapatunk - Sepsimedikal","og_description":"Sepsi Medikal Csapatunk Albu Melinda Orvosi Asszisztens dr. Bajcsi Enik\u0151 Belgy\u00f3gy\u00e1sz f\u0151orvos, Csal\u00e1dorvos Vard\u00f3 T\u00edmea Orvosi Asszisztens","og_url":"https:\/\/www.sepsimedikal.ro\/ro\/our-team\/","og_site_name":"Sepsimedikal","article_publisher":"https:\/\/www.facebook.com\/profile.php?id=61569994872648","article_modified_time":"2025-12-12T19:27:40+00:00","og_image":[{"width":1282,"height":1921,"url":"https:\/\/www.sepsimedikal.ro\/wp-content\/uploads\/2025\/06\/R_BWD9104-a-melinda.jpg","type":"image\/jpeg"}],"twitter_card":"summary_large_image","twitter_misc":{"Timp estimat pentru citire":"1 minut"},"schema":{"@context":"https:\/\/schema.org","@graph":[{"@type":"WebPage","@id":"https:\/\/www.sepsimedikal.ro\/our-team\/","url":"https:\/\/www.sepsimedikal.ro\/our-team\/","name":"Csapatunk - Sepsimedikal","isPartOf":{"@id":"https:\/\/www.sepsimedikal.ro\/#website"},"primaryImageOfPage":{"@id":"https:\/\/www.sepsimedikal.ro\/our-team\/#primaryimage"},"image":{"@id":"https:\/\/www.sepsimedikal.ro\/our-team\/#primaryimage"},"thumbnailUrl":"https:\/\/www.sepsimedikal.ro\/wp-content\/uploads\/2025\/06\/R_BWD9104-a-melinda.jpg","datePublished":"2021-12-05T12:41:05+00:00","dateModified":"2025-12-12T19:27:40+00:00","breadcrumb":{"@id":"https:\/\/www.sepsimedikal.ro\/our-team\/#breadcrumb"},"inLanguage":"ro-RO","potentialAction":[{"@type":"ReadAction","target":["https:\/\/www.sepsimedikal.ro\/our-team\/"]}]},{"@type":"ImageObject","inLanguage":"ro-RO","@id":"https:\/\/www.sepsimedikal.ro\/our-team\/#primaryimage","url":"https:\/\/www.sepsimedikal.ro\/wp-content\/uploads\/2025\/06\/R_BWD9104-a-melinda.jpg","contentUrl":"https:\/\/www.sepsimedikal.ro\/wp-content\/uploads\/2025\/06\/R_BWD9104-a-melinda.jpg"},{"@type":"BreadcrumbList","@id":"https:\/\/www.sepsimedikal.ro\/our-team\/#breadcrumb","itemListElement":[{"@type":"ListItem","position":1,"name":"Kezd\u0151lap","item":"https:\/\/www.sepsimedikal.ro\/"},{"@type":"ListItem","position":2,"name":"Csapatunk"}]},{"@type":"WebSite","@id":"https:\/\/www.sepsimedikal.ro\/#website","url":"https:\/\/www.sepsimedikal.ro\/","name":"Sepsimedikal","description":"","publisher":{"@id":"https:\/\/www.sepsimedikal.ro\/#organization"},"potentialAction":[{"@type":"SearchAction","target":{"@type":"EntryPoint","urlTemplate":"https:\/\/www.sepsimedikal.ro\/?s={search_term_string}"},"query-input":{"@type":"PropertyValueSpecification","valueRequired":true,"valueName":"search_term_string"}}],"inLanguage":"ro-RO"},{"@type":"Organization","@id":"https:\/\/www.sepsimedikal.ro\/#organization","name":"Sepsimedikal","url":"https:\/\/www.sepsimedikal.ro\/","logo":{"@type":"ImageObject","inLanguage":"ro-RO","@id":"https:\/\/www.sepsimedikal.ro\/#\/schema\/logo\/image\/","url":"https:\/\/www.sepsimedikal.ro\/wp-content\/uploads\/2025\/01\/Bronz-green-color-horizontal-logo.png","contentUrl":"https:\/\/www.sepsimedikal.ro\/wp-content\/uploads\/2025\/01\/Bronz-green-color-horizontal-logo.png","width":1463,"height":298,"caption":"Sepsimedikal"},"image":{"@id":"https:\/\/www.sepsimedikal.ro\/#\/schema\/logo\/image\/"},"sameAs":["https:\/\/www.facebook.com\/profile.php?id=61569994872648","https:\/\/www.instagram.com\/sepsimedikal?utm_source=qr&igsh=YWMwNjh0d2twZnM4"]}]}},"_links":{"self":[{"href":"https:\/\/www.sepsimedikal.ro\/ro\/wp-json\/wp\/v2\/pages\/2808","targetHints":{"allow":["GET"]}}],"collection":[{"href":"https:\/\/www.sepsimedikal.ro\/ro\/wp-json\/wp\/v2\/pages"}],"about":[{"href":"https:\/\/www.sepsimedikal.ro\/ro\/wp-json\/wp\/v2\/types\/page"}],"author":[{"embeddable":true,"href":"https:\/\/www.sepsimedikal.ro\/ro\/wp-json\/wp\/v2\/users\/1"}],"replies":[{"embeddable":true,"href":"https:\/\/www.sepsimedikal.ro\/ro\/wp-json\/wp\/v2\/comments?post=2808"}],"version-history":[{"count":62,"href":"https:\/\/www.sepsimedikal.ro\/ro\/wp-json\/wp\/v2\/pages\/2808\/revisions"}],"predecessor-version":[{"id":18234,"href":"https:\/\/www.sepsimedikal.ro\/ro\/wp-json\/wp\/v2\/pages\/2808\/revisions\/18234"}],"wp:attachment":[{"href":"https:\/\/www.sepsimedikal.ro\/ro\/wp-json\/wp\/v2\/media?parent=2808"}],"curies":[{"name":"wp","href":"https:\/\/api.w.org\/{rel}","templated":true}]}}